{"id":73,"date":"2023-04-03T09:13:49","date_gmt":"2023-04-03T12:13:49","guid":{"rendered":"https:\/\/diamondcaps.com.br\/?page_id=73"},"modified":"2023-04-03T22:53:13","modified_gmt":"2023-04-04T01:53:13","slug":"sobre-nos","status":"publish","type":"page","link":"https:\/\/diamondcaps.com.br\/index.php\/sobre-nos\/","title":{"rendered":"Sobre N\u00f3s"},"content":{"rendered":"\t\t<div data-elementor-type=\"wp-page\" data-elementor-id=\"73\" class=\"elementor elementor-73\" data-elementor-post-type=\"page\">\n\t\t\t\t\t\t<section class=\"elementor-section elementor-top-section elementor-element elementor-element-7b3bda4 elementor-section-content-middle elementor-section-boxed elementor-section-height-default elementor-section-height-default\" data-id=\"7b3bda4\" data-element_type=\"section\" data-e-type=\"section\" data-settings=\"{&quot;background_background&quot;:&quot;classic&quot;}\">\n\t\t\t\t\t\t<div class=\"elementor-container elementor-column-gap-default\">\n\t\t\t\t\t<div class=\"elementor-column elementor-col-50 elementor-top-column elementor-element elementor-element-d62cda8\" data-id=\"d62cda8\" data-element_type=\"column\" data-e-type=\"column\">\n\t\t\t<div class=\"elementor-widget-wrap elementor-element-populated\">\n\t\t\t\t\t\t<div class=\"elementor-element elementor-element-1de0227 elementor-widget elementor-widget-heading\" data-id=\"1de0227\" data-element_type=\"widget\" data-e-type=\"widget\" data-widget_type=\"heading.default\">\n\t\t\t\t<div class=\"elementor-widget-container\">\n\t\t\t\t\t<h2 class=\"elementor-heading-title elementor-size-default\">Sobre N\u00f3s<\/h2>\t\t\t\t<\/div>\n\t\t\t\t<\/div>\n\t\t\t\t<div class=\"elementor-element elementor-element-3357e06 elementor-widget elementor-widget-text-editor\" data-id=\"3357e06\" data-element_type=\"widget\" data-e-type=\"widget\" data-widget_type=\"text-editor.default\">\n\t\t\t\t<div class=\"elementor-widget-container\">\n\t\t\t\t\t\t\t\t\t<p>Somos a Diamond Caps Suplementos, uma empresa que oferece produtos de alta qualidade na \u00e1rea de suplementa\u00e7\u00e3o alimentar para pessoas que buscam melhorar a qualidade de vida e alcan\u00e7ar seus objetivos de sa\u00fade e bem-estar. Nossos encapsulados s\u00e3o desenvolvidos com mat\u00e9rias-primas de primeira qualidade, buscando sempre proporcionar uma experi\u00eancia \u00fanica aos nossos clientes. Nosso compromisso \u00e9 oferecer tratamentos saud\u00e1veis com resultados r\u00e1pidos e eficazes. Estamos empenhados em ajudar nossos clientes a alcan\u00e7ar seus objetivos de sa\u00fade e bem-estar. Seja bem-vindo \u00e0 Diamond Caps Suplementos.<\/p>\t\t\t\t\t\t\t\t<\/div>\n\t\t\t\t<\/div>\n\t\t\t\t\t<\/div>\n\t\t<\/div>\n\t\t\t\t<div class=\"elementor-column elementor-col-50 elementor-top-column elementor-element elementor-element-4f1e3ee\" data-id=\"4f1e3ee\" data-element_type=\"column\" data-e-type=\"column\">\n\t\t\t<div class=\"elementor-widget-wrap elementor-element-populated\">\n\t\t\t\t\t\t<div class=\"elementor-element elementor-element-e46cd42 elementor-widget elementor-widget-image\" data-id=\"e46cd42\" data-element_type=\"widget\" data-e-type=\"widget\" data-widget_type=\"image.default\">\n\t\t\t\t<div class=\"elementor-widget-container\">\n\t\t\t\t\t\t\t\t\t\t\t\t\t\t\t<img fetchpriority=\"high\" decoding=\"async\" width=\"1446\" height=\"1280\" src=\"https:\/\/diamondcaps.com.br\/wp-content\/uploads\/2023\/04\/\u2014Pngtree\u2014national-sports-run-sprint-background_1110215-scaled-e1680573180281.jpg\" class=\"attachment-full size-full wp-image-146\" alt=\"\" srcset=\"https:\/\/diamondcaps.com.br\/wp-content\/uploads\/2023\/04\/\u2014Pngtree\u2014national-sports-run-sprint-background_1110215-scaled-e1680573180281.jpg 1446w, https:\/\/diamondcaps.com.br\/wp-content\/uploads\/2023\/04\/\u2014Pngtree\u2014national-sports-run-sprint-background_1110215-scaled-e1680573180281-300x266.jpg 300w, https:\/\/diamondcaps.com.br\/wp-content\/uploads\/2023\/04\/\u2014Pngtree\u2014national-sports-run-sprint-background_1110215-scaled-e1680573180281-1024x906.jpg 1024w, https:\/\/diamondcaps.com.br\/wp-content\/uploads\/2023\/04\/\u2014Pngtree\u2014national-sports-run-sprint-background_1110215-scaled-e1680573180281-768x680.jpg 768w\" sizes=\"(max-width: 1446px) 100vw, 1446px\" \/>\t\t\t\t\t\t\t\t\t\t\t\t\t\t\t<\/div>\n\t\t\t\t<\/div>\n\t\t\t\t\t<\/div>\n\t\t<\/div>\n\t\t\t\t\t<\/div>\n\t\t<\/section>\n\t\t\t\t<\/div>\n\t\t","protected":false},"excerpt":{"rendered":"<p>Sobre N\u00f3s Somos a Diamond Caps Suplementos, uma empresa que oferece produtos de alta qualidade na \u00e1rea de suplementa\u00e7\u00e3o alimentar para pessoas que buscam melhorar a qualidade de vida e alcan\u00e7ar seus objetivos de sa\u00fade e bem-estar. Nossos encapsulados s\u00e3o desenvolvidos com mat\u00e9rias-primas de primeira qualidade, buscando sempre proporcionar uma experi\u00eancia \u00fanica aos nossos clientes. [&hellip;]<\/p>\n","protected":false},"author":1,"featured_media":0,"parent":0,"menu_order":0,"comment_status":"closed","ping_status":"closed","template":"elementor_header_footer","meta":{"footnotes":""},"class_list":["post-73","page","type-page","status-publish","hentry"],"_links":{"self":[{"href":"https:\/\/diamondcaps.com.br\/index.php\/wp-json\/wp\/v2\/pages\/73","targetHints":{"allow":["GET"]}}],"collection":[{"href":"https:\/\/diamondcaps.com.br\/index.php\/wp-json\/wp\/v2\/pages"}],"about":[{"href":"https:\/\/diamondcaps.com.br\/index.php\/wp-json\/wp\/v2\/types\/page"}],"author":[{"embeddable":true,"href":"https:\/\/diamondcaps.com.br\/index.php\/wp-json\/wp\/v2\/users\/1"}],"replies":[{"embeddable":true,"href":"https:\/\/diamondcaps.com.br\/index.php\/wp-json\/wp\/v2\/comments?post=73"}],"version-history":[{"count":16,"href":"https:\/\/diamondcaps.com.br\/index.php\/wp-json\/wp\/v2\/pages\/73\/revisions"}],"predecessor-version":[{"id":149,"href":"https:\/\/diamondcaps.com.br\/index.php\/wp-json\/wp\/v2\/pages\/73\/revisions\/149"}],"wp:attachment":[{"href":"https:\/\/diamondcaps.com.br\/index.php\/wp-json\/wp\/v2\/media?parent=73"}],"curies":[{"name":"wp","href":"https:\/\/api.w.org\/{rel}","templated":true}]}}